{"id":304,"date":"2022-05-09T09:38:21","date_gmt":"2022-05-09T07:38:21","guid":{"rendered":"https:\/\/pranglisadam.ee\/avasta-pranglit\/"},"modified":"2022-06-27T10:54:36","modified_gmt":"2022-06-27T08:54:36","slug":"discover-prangli","status":"publish","type":"page","link":"https:\/\/pranglisadam.ee\/en\/discover-prangli\/","title":{"rendered":"Discover Prangli"},"content":{"rendered":"\n<div class=\"wp-block-cover alignfull is-light\"><span aria-hidden=\"true\" class=\"has-background-dim-20 wp-block-cover__gradient-background has-background-dim\"><\/span><img loading=\"lazy\" decoding=\"async\" width=\"2560\" height=\"1440\" class=\"wp-block-cover__image-background wp-image-113\" alt=\"\" src=\"https:\/\/pranglisadam.ee\/wp-content\/uploads\/2022\/04\/Prangli_vaade_loodus-scaled.jpg\" data-object-fit=\"cover\" srcset=\"https:\/\/pranglisadam.ee\/wp-content\/uploads\/2022\/04\/Prangli_vaade_loodus-scaled.jpg 2560w, https:\/\/pranglisadam.ee\/wp-content\/uploads\/2022\/04\/Prangli_vaade_loodus-300x169.jpg 300w, https:\/\/pranglisadam.ee\/wp-content\/uploads\/2022\/04\/Prangli_vaade_loodus-1024x576.jpg 1024w, https:\/\/pranglisadam.ee\/wp-content\/uploads\/2022\/04\/Prangli_vaade_loodus-768x432.jpg 768w, https:\/\/pranglisadam.ee\/wp-content\/uploads\/2022\/04\/Prangli_vaade_loodus-1536x864.jpg 1536w, https:\/\/pranglisadam.ee\/wp-content\/uploads\/2022\/04\/Prangli_vaade_loodus-2048x1152.jpg 2048w, https:\/\/pranglisadam.ee\/wp-content\/uploads\/2022\/04\/Prangli_vaade_loodus-1568x882.jpg 1568w\" sizes=\"auto, (max-width: 2560px) 100vw, 2560px\" \/><div class=\"wp-block-cover__inner-container is-layout-flow wp-block-cover-is-layout-flow\">\n<h1 class=\"has-text-align-center has-white-color has-text-color wp-block-heading\"><strong>DISCOVER PRANGLI<\/strong><\/h1>\n<\/div><\/div>\n\n\n\n<p>Prangli Island is located on the northern coast of Estonia, about 9 km northeast of the Viimsi peninsula. Prangli is the thirteenth largest island in Estonia with an area of 6.44 km\u00b2. There are three villages in Prangli: Kelnase, Idaotsa and L\u00e4\u00e4neotsa. On the island there is a shop, a school, a medical center, a post office, a community center, a library, a caf\u00e9, a restaurant and a museum.<\/p>\n\n\n\n<p>The beautiful and varied nature of Prangli Island offers the joy of discovery for the active holidaymaker as well as for those who want to spend a day at the beach. The island can be explored on foot, by bike or on a truck tour. During the summer, Prangli hosts various concerts and events. Prangli Island is also a popular venue for various team events.<\/p>\n\n\n\n<p>There is a connection to the mainland via the Port of Kelnase. The liner \u201cWrang\u00f6\u201d will take you to Prangli Island from the Port of Leppneeme. <a href=\"https:\/\/www.tuuleliinid.ee\/index.php?lang=en\" target=\"_blank\" rel=\"noreferrer noopener\">See timetables and ferry bookings.<\/a><\/p>\n\n\n\n<p><a href=\"https:\/\/www.visitestonia.com\/en\/why-estonia\/5-recommendations-for-visiting-a-unique-estonian-island-prangli?_ga=2.196176620.1963893358.1655818910-1992867217.1655818910\" target=\"_blank\" rel=\"noreferrer noopener\">Visit Estonia 5 recommendations for visiting Prangli Island.<\/a><\/p>\n\n\n\n<figure class=\"wp-block-gallery has-nested-images columns-default is-cropped wp-block-gallery-1 is-layout-flex wp-block-gallery-is-layout-flex\">\n<figure class=\"wp-block-image size-large\"><a href=\"https:\/\/pranglisadam.ee\/wp-content\/uploads\/2022\/05\/prangli_rannik-scaled.jpg\"><img loading=\"lazy\" decoding=\"async\" width=\"2560\" height=\"1440\" data-id=\"144\" src=\"https:\/\/pranglisadam.ee\/wp-content\/uploads\/2022\/05\/prangli_rannik-scaled.jpg\" alt=\"\" class=\"wp-image-144\" srcset=\"https:\/\/pranglisadam.ee\/wp-content\/uploads\/2022\/05\/prangli_rannik-scaled.jpg 2560w, https:\/\/pranglisadam.ee\/wp-content\/uploads\/2022\/05\/prangli_rannik-300x169.jpg 300w, https:\/\/pranglisadam.ee\/wp-content\/uploads\/2022\/05\/prangli_rannik-1024x576.jpg 1024w, https:\/\/pranglisadam.ee\/wp-content\/uploads\/2022\/05\/prangli_rannik-768x432.jpg 768w, https:\/\/pranglisadam.ee\/wp-content\/uploads\/2022\/05\/prangli_rannik-1536x864.jpg 1536w, https:\/\/pranglisadam.ee\/wp-content\/uploads\/2022\/05\/prangli_rannik-2048x1152.jpg 2048w, https:\/\/pranglisadam.ee\/wp-content\/uploads\/2022\/05\/prangli_rannik-1568x882.jpg 1568w\" sizes=\"auto, (max-width: 2560px) 100vw, 2560px\" \/><\/a><\/figure>\n\n\n\n<figure class=\"wp-block-image size-large\"><a href=\"https:\/\/pranglisadam.ee\/wp-content\/uploads\/2022\/05\/prangli_meri-scaled.jpg\"><img loading=\"lazy\" decoding=\"async\" width=\"2560\" height=\"1440\" data-id=\"143\" src=\"https:\/\/pranglisadam.ee\/wp-content\/uploads\/2022\/05\/prangli_meri-scaled.jpg\" alt=\"\" class=\"wp-image-143\" srcset=\"https:\/\/pranglisadam.ee\/wp-content\/uploads\/2022\/05\/prangli_meri-scaled.jpg 2560w, https:\/\/pranglisadam.ee\/wp-content\/uploads\/2022\/05\/prangli_meri-300x169.jpg 300w, https:\/\/pranglisadam.ee\/wp-content\/uploads\/2022\/05\/prangli_meri-1024x576.jpg 1024w, https:\/\/pranglisadam.ee\/wp-content\/uploads\/2022\/05\/prangli_meri-768x432.jpg 768w, https:\/\/pranglisadam.ee\/wp-content\/uploads\/2022\/05\/prangli_meri-1536x864.jpg 1536w, https:\/\/pranglisadam.ee\/wp-content\/uploads\/2022\/05\/prangli_meri-2048x1152.jpg 2048w, https:\/\/pranglisadam.ee\/wp-content\/uploads\/2022\/05\/prangli_meri-1568x882.jpg 1568w\" sizes=\"auto, (max-width: 2560px) 100vw, 2560px\" \/><\/a><\/figure>\n\n\n\n<figure class=\"wp-block-image size-large\"><a href=\"https:\/\/pranglisadam.ee\/wp-content\/uploads\/2022\/04\/Prangli_saare_loodus-scaled.jpg\"><img loading=\"lazy\" decoding=\"async\" width=\"2560\" height=\"1440\" data-id=\"110\" src=\"https:\/\/pranglisadam.ee\/wp-content\/uploads\/2022\/04\/Prangli_saare_loodus-scaled.jpg\" alt=\"\" class=\"wp-image-110\" srcset=\"https:\/\/pranglisadam.ee\/wp-content\/uploads\/2022\/04\/Prangli_saare_loodus-scaled.jpg 2560w, https:\/\/pranglisadam.ee\/wp-content\/uploads\/2022\/04\/Prangli_saare_loodus-300x169.jpg 300w, https:\/\/pranglisadam.ee\/wp-content\/uploads\/2022\/04\/Prangli_saare_loodus-1024x576.jpg 1024w, https:\/\/pranglisadam.ee\/wp-content\/uploads\/2022\/04\/Prangli_saare_loodus-768x432.jpg 768w, https:\/\/pranglisadam.ee\/wp-content\/uploads\/2022\/04\/Prangli_saare_loodus-1536x864.jpg 1536w, https:\/\/pranglisadam.ee\/wp-content\/uploads\/2022\/04\/Prangli_saare_loodus-2048x1152.jpg 2048w, https:\/\/pranglisadam.ee\/wp-content\/uploads\/2022\/04\/Prangli_saare_loodus-1568x882.jpg 1568w\" sizes=\"auto, (max-width: 2560px) 100vw, 2560px\" \/><\/a><\/figure>\n\n\n\n<figure class=\"wp-block-image size-large\"><a href=\"https:\/\/pranglisadam.ee\/wp-content\/uploads\/2022\/04\/prangli_loojang-scaled.jpg\"><img loading=\"lazy\" decoding=\"async\" width=\"2560\" height=\"1440\" data-id=\"104\" src=\"https:\/\/pranglisadam.ee\/wp-content\/uploads\/2022\/04\/prangli_loojang-scaled.jpg\" alt=\"\" class=\"wp-image-104\" srcset=\"https:\/\/pranglisadam.ee\/wp-content\/uploads\/2022\/04\/prangli_loojang-scaled.jpg 2560w, https:\/\/pranglisadam.ee\/wp-content\/uploads\/2022\/04\/prangli_loojang-300x169.jpg 300w, https:\/\/pranglisadam.ee\/wp-content\/uploads\/2022\/04\/prangli_loojang-1024x576.jpg 1024w, https:\/\/pranglisadam.ee\/wp-content\/uploads\/2022\/04\/prangli_loojang-768x432.jpg 768w, https:\/\/pranglisadam.ee\/wp-content\/uploads\/2022\/04\/prangli_loojang-1536x864.jpg 1536w, https:\/\/pranglisadam.ee\/wp-content\/uploads\/2022\/04\/prangli_loojang-2048x1152.jpg 2048w, https:\/\/pranglisadam.ee\/wp-content\/uploads\/2022\/04\/prangli_loojang-1568x882.jpg 1568w\" sizes=\"auto, (max-width: 2560px) 100vw, 2560px\" \/><\/a><\/figure>\n\n\n\n<figure class=\"wp-block-image size-large\"><a href=\"https:\/\/pranglisadam.ee\/wp-content\/uploads\/2022\/04\/prangli_rand-scaled.jpg\"><img loading=\"lazy\" decoding=\"async\" width=\"2560\" height=\"1440\" data-id=\"101\" src=\"https:\/\/pranglisadam.ee\/wp-content\/uploads\/2022\/04\/prangli_rand-scaled.jpg\" alt=\"\" class=\"wp-image-101\" srcset=\"https:\/\/pranglisadam.ee\/wp-content\/uploads\/2022\/04\/prangli_rand-scaled.jpg 2560w, https:\/\/pranglisadam.ee\/wp-content\/uploads\/2022\/04\/prangli_rand-300x169.jpg 300w, https:\/\/pranglisadam.ee\/wp-content\/uploads\/2022\/04\/prangli_rand-1024x576.jpg 1024w, https:\/\/pranglisadam.ee\/wp-content\/uploads\/2022\/04\/prangli_rand-768x432.jpg 768w, https:\/\/pranglisadam.ee\/wp-content\/uploads\/2022\/04\/prangli_rand-1536x864.jpg 1536w, https:\/\/pranglisadam.ee\/wp-content\/uploads\/2022\/04\/prangli_rand-2048x1152.jpg 2048w, https:\/\/pranglisadam.ee\/wp-content\/uploads\/2022\/04\/prangli_rand-1568x882.jpg 1568w\" sizes=\"auto, (max-width: 2560px) 100vw, 2560px\" \/><\/a><\/figure>\n\n\n\n<figure class=\"wp-block-image size-large\"><a href=\"https:\/\/pranglisadam.ee\/wp-content\/uploads\/2022\/04\/Prangli_vaade_loodus-scaled.jpg\"><img loading=\"lazy\" decoding=\"async\" width=\"2560\" height=\"1440\" data-id=\"113\" src=\"https:\/\/pranglisadam.ee\/wp-content\/uploads\/2022\/04\/Prangli_vaade_loodus-scaled.jpg\" alt=\"\" class=\"wp-image-113\" srcset=\"https:\/\/pranglisadam.ee\/wp-content\/uploads\/2022\/04\/Prangli_vaade_loodus-scaled.jpg 2560w, https:\/\/pranglisadam.ee\/wp-content\/uploads\/2022\/04\/Prangli_vaade_loodus-300x169.jpg 300w, https:\/\/pranglisadam.ee\/wp-content\/uploads\/2022\/04\/Prangli_vaade_loodus-1024x576.jpg 1024w, https:\/\/pranglisadam.ee\/wp-content\/uploads\/2022\/04\/Prangli_vaade_loodus-768x432.jpg 768w, https:\/\/pranglisadam.ee\/wp-content\/uploads\/2022\/04\/Prangli_vaade_loodus-1536x864.jpg 1536w, https:\/\/pranglisadam.ee\/wp-content\/uploads\/2022\/04\/Prangli_vaade_loodus-2048x1152.jpg 2048w, https:\/\/pranglisadam.ee\/wp-content\/uploads\/2022\/04\/Prangli_vaade_loodus-1568x882.jpg 1568w\" sizes=\"auto, (max-width: 2560px) 100vw, 2560px\" \/><\/a><\/figure>\n\n\n\n<figure class=\"wp-block-image size-large\"><a href=\"https:\/\/pranglisadam.ee\/wp-content\/uploads\/2022\/04\/prangli_seaside-scaled.jpg\"><img loading=\"lazy\" decoding=\"async\" width=\"2560\" height=\"1440\" data-id=\"114\" src=\"https:\/\/pranglisadam.ee\/wp-content\/uploads\/2022\/04\/prangli_seaside-scaled.jpg\" alt=\"\" class=\"wp-image-114\" srcset=\"https:\/\/pranglisadam.ee\/wp-content\/uploads\/2022\/04\/prangli_seaside-scaled.jpg 2560w, https:\/\/pranglisadam.ee\/wp-content\/uploads\/2022\/04\/prangli_seaside-300x169.jpg 300w, https:\/\/pranglisadam.ee\/wp-content\/uploads\/2022\/04\/prangli_seaside-1024x576.jpg 1024w, https:\/\/pranglisadam.ee\/wp-content\/uploads\/2022\/04\/prangli_seaside-768x432.jpg 768w, https:\/\/pranglisadam.ee\/wp-content\/uploads\/2022\/04\/prangli_seaside-1536x864.jpg 1536w, https:\/\/pranglisadam.ee\/wp-content\/uploads\/2022\/04\/prangli_seaside-2048x1152.jpg 2048w, https:\/\/pranglisadam.ee\/wp-content\/uploads\/2022\/04\/prangli_seaside-1568x882.jpg 1568w\" sizes=\"auto, (max-width: 2560px) 100vw, 2560px\" \/><\/a><\/figure>\n\n\n\n<figure class=\"wp-block-image size-large\"><a href=\"https:\/\/pranglisadam.ee\/wp-content\/uploads\/2022\/06\/meri_prangli_suvi-scaled.jpg\"><img loading=\"lazy\" decoding=\"async\" width=\"1024\" height=\"576\" data-id=\"342\" src=\"https:\/\/pranglisadam.ee\/wp-content\/uploads\/2022\/06\/meri_prangli_suvi-1024x576.jpg\" alt=\"\" class=\"wp-image-342\" srcset=\"https:\/\/pranglisadam.ee\/wp-content\/uploads\/2022\/06\/meri_prangli_suvi-1024x576.jpg 1024w, https:\/\/pranglisadam.ee\/wp-content\/uploads\/2022\/06\/meri_prangli_suvi-300x169.jpg 300w, https:\/\/pranglisadam.ee\/wp-content\/uploads\/2022\/06\/meri_prangli_suvi-768x432.jpg 768w, https:\/\/pranglisadam.ee\/wp-content\/uploads\/2022\/06\/meri_prangli_suvi-1536x864.jpg 1536w, https:\/\/pranglisadam.ee\/wp-content\/uploads\/2022\/06\/meri_prangli_suvi-2048x1152.jpg 2048w, https:\/\/pranglisadam.ee\/wp-content\/uploads\/2022\/06\/meri_prangli_suvi-1568x882.jpg 1568w\" sizes=\"auto, (max-width: 1024px) 100vw, 1024px\" \/><\/a><\/figure>\n<\/figure>\n","protected":false},"excerpt":{"rendered":"<p>Prangli Island is located on the northern coast of Estonia, about 9 km northeast of the Viimsi peninsula. Prangli is the thirteenth largest island in Estonia with an area of 6.44 km\u00b2. There are three villages in Prangli: Kelnase, Idaotsa and L\u00e4\u00e4neotsa. On the island there is a shop, a school, a medical center, a [&hellip;]<\/p>\n","protected":false},"author":3,"featured_media":0,"parent":0,"menu_order":0,"comment_status":"closed","ping_status":"closed","template":"","meta":{"footnotes":""},"class_list":["post-304","page","type-page","status-publish","hentry"],"yoast_head":"<!-- This site is optimized with the Yoast SEO plugin v27.4 - https:\/\/yoast.com\/product\/yoast-seo-wordpress\/ -->\n<title>Discover Prangli - Prangli sadam<\/title>\n<meta name=\"robots\" content=\"index, follow, max-snippet:-1, max-image-preview:large, max-video-preview:-1\" \/>\n<link rel=\"canonical\" href=\"https:\/\/pranglisadam.ee\/en\/discover-prangli\/\" \/>\n<meta property=\"og:locale\" content=\"en_US\" \/>\n<meta property=\"og:type\" content=\"article\" \/>\n<meta property=\"og:title\" content=\"Discover Prangli - Prangli sadam\" \/>\n<meta property=\"og:description\" content=\"Prangli Island is located on the northern coast of Estonia, about 9 km northeast of the Viimsi peninsula. Prangli is the thirteenth largest island in Estonia with an area of 6.44 km\u00b2. There are three villages in Prangli: Kelnase, Idaotsa and L\u00e4\u00e4neotsa. On the island there is a shop, a school, a medical center, a [&hellip;]\" \/>\n<meta property=\"og:url\" content=\"https:\/\/pranglisadam.ee\/en\/discover-prangli\/\" \/>\n<meta property=\"og:site_name\" content=\"Prangli sadam\" \/>\n<meta property=\"article:modified_time\" content=\"2022-06-27T08:54:36+00:00\" \/>\n<meta property=\"og:image\" content=\"https:\/\/pranglisadam.ee\/wp-content\/uploads\/2022\/04\/Prangli_vaade_loodus-scaled.jpg\" \/>\n<meta name=\"twitter:card\" content=\"summary_large_image\" \/>\n<meta name=\"twitter:label1\" content=\"Est. reading time\" \/>\n\t<meta name=\"twitter:data1\" content=\"3 minutes\" \/>\n<script type=\"application\/ld+json\" class=\"yoast-schema-graph\">{\"@context\":\"https:\\\/\\\/schema.org\",\"@graph\":[{\"@type\":\"WebPage\",\"@id\":\"https:\\\/\\\/pranglisadam.ee\\\/en\\\/discover-prangli\\\/\",\"url\":\"https:\\\/\\\/pranglisadam.ee\\\/en\\\/discover-prangli\\\/\",\"name\":\"Discover Prangli - Prangli sadam\",\"isPartOf\":{\"@id\":\"https:\\\/\\\/pranglisadam.ee\\\/en\\\/#website\"},\"primaryImageOfPage\":{\"@id\":\"https:\\\/\\\/pranglisadam.ee\\\/en\\\/discover-prangli\\\/#primaryimage\"},\"image\":{\"@id\":\"https:\\\/\\\/pranglisadam.ee\\\/en\\\/discover-prangli\\\/#primaryimage\"},\"thumbnailUrl\":\"https:\\\/\\\/pranglisadam.ee\\\/wp-content\\\/uploads\\\/2022\\\/04\\\/Prangli_vaade_loodus-scaled.jpg\",\"datePublished\":\"2022-05-09T07:38:21+00:00\",\"dateModified\":\"2022-06-27T08:54:36+00:00\",\"breadcrumb\":{\"@id\":\"https:\\\/\\\/pranglisadam.ee\\\/en\\\/discover-prangli\\\/#breadcrumb\"},\"inLanguage\":\"en-US\",\"potentialAction\":[{\"@type\":\"ReadAction\",\"target\":[\"https:\\\/\\\/pranglisadam.ee\\\/en\\\/discover-prangli\\\/\"]}]},{\"@type\":\"ImageObject\",\"inLanguage\":\"en-US\",\"@id\":\"https:\\\/\\\/pranglisadam.ee\\\/en\\\/discover-prangli\\\/#primaryimage\",\"url\":\"https:\\\/\\\/pranglisadam.ee\\\/wp-content\\\/uploads\\\/2022\\\/04\\\/Prangli_vaade_loodus-scaled.jpg\",\"contentUrl\":\"https:\\\/\\\/pranglisadam.ee\\\/wp-content\\\/uploads\\\/2022\\\/04\\\/Prangli_vaade_loodus-scaled.jpg\"},{\"@type\":\"BreadcrumbList\",\"@id\":\"https:\\\/\\\/pranglisadam.ee\\\/en\\\/discover-prangli\\\/#breadcrumb\",\"itemListElement\":[{\"@type\":\"ListItem\",\"position\":1,\"name\":\"Home\",\"item\":\"https:\\\/\\\/pranglisadam.ee\\\/en\\\/\"},{\"@type\":\"ListItem\",\"position\":2,\"name\":\"Discover Prangli\"}]},{\"@type\":\"WebSite\",\"@id\":\"https:\\\/\\\/pranglisadam.ee\\\/en\\\/#website\",\"url\":\"https:\\\/\\\/pranglisadam.ee\\\/en\\\/\",\"name\":\"Prangli sadam\",\"description\":\"Majutus Pranglil\",\"potentialAction\":[{\"@type\":\"SearchAction\",\"target\":{\"@type\":\"EntryPoint\",\"urlTemplate\":\"https:\\\/\\\/pranglisadam.ee\\\/en\\\/?s={search_term_string}\"},\"query-input\":{\"@type\":\"PropertyValueSpecification\",\"valueRequired\":true,\"valueName\":\"search_term_string\"}}],\"inLanguage\":\"en-US\"}]}<\/script>\n<!-- \/ Yoast SEO plugin. -->","yoast_head_json":{"title":"Discover Prangli - Prangli sadam","robots":{"index":"index","follow":"follow","max-snippet":"max-snippet:-1","max-image-preview":"max-image-preview:large","max-video-preview":"max-video-preview:-1"},"canonical":"https:\/\/pranglisadam.ee\/en\/discover-prangli\/","og_locale":"en_US","og_type":"article","og_title":"Discover Prangli - Prangli sadam","og_description":"Prangli Island is located on the northern coast of Estonia, about 9 km northeast of the Viimsi peninsula. Prangli is the thirteenth largest island in Estonia with an area of 6.44 km\u00b2. There are three villages in Prangli: Kelnase, Idaotsa and L\u00e4\u00e4neotsa. On the island there is a shop, a school, a medical center, a [&hellip;]","og_url":"https:\/\/pranglisadam.ee\/en\/discover-prangli\/","og_site_name":"Prangli sadam","article_modified_time":"2022-06-27T08:54:36+00:00","og_image":[{"url":"https:\/\/pranglisadam.ee\/wp-content\/uploads\/2022\/04\/Prangli_vaade_loodus-scaled.jpg","type":"","width":"","height":""}],"twitter_card":"summary_large_image","twitter_misc":{"Est. reading time":"3 minutes"},"schema":{"@context":"https:\/\/schema.org","@graph":[{"@type":"WebPage","@id":"https:\/\/pranglisadam.ee\/en\/discover-prangli\/","url":"https:\/\/pranglisadam.ee\/en\/discover-prangli\/","name":"Discover Prangli - Prangli sadam","isPartOf":{"@id":"https:\/\/pranglisadam.ee\/en\/#website"},"primaryImageOfPage":{"@id":"https:\/\/pranglisadam.ee\/en\/discover-prangli\/#primaryimage"},"image":{"@id":"https:\/\/pranglisadam.ee\/en\/discover-prangli\/#primaryimage"},"thumbnailUrl":"https:\/\/pranglisadam.ee\/wp-content\/uploads\/2022\/04\/Prangli_vaade_loodus-scaled.jpg","datePublished":"2022-05-09T07:38:21+00:00","dateModified":"2022-06-27T08:54:36+00:00","breadcrumb":{"@id":"https:\/\/pranglisadam.ee\/en\/discover-prangli\/#breadcrumb"},"inLanguage":"en-US","potentialAction":[{"@type":"ReadAction","target":["https:\/\/pranglisadam.ee\/en\/discover-prangli\/"]}]},{"@type":"ImageObject","inLanguage":"en-US","@id":"https:\/\/pranglisadam.ee\/en\/discover-prangli\/#primaryimage","url":"https:\/\/pranglisadam.ee\/wp-content\/uploads\/2022\/04\/Prangli_vaade_loodus-scaled.jpg","contentUrl":"https:\/\/pranglisadam.ee\/wp-content\/uploads\/2022\/04\/Prangli_vaade_loodus-scaled.jpg"},{"@type":"BreadcrumbList","@id":"https:\/\/pranglisadam.ee\/en\/discover-prangli\/#breadcrumb","itemListElement":[{"@type":"ListItem","position":1,"name":"Home","item":"https:\/\/pranglisadam.ee\/en\/"},{"@type":"ListItem","position":2,"name":"Discover Prangli"}]},{"@type":"WebSite","@id":"https:\/\/pranglisadam.ee\/en\/#website","url":"https:\/\/pranglisadam.ee\/en\/","name":"Prangli sadam","description":"Majutus Pranglil","potentialAction":[{"@type":"SearchAction","target":{"@type":"EntryPoint","urlTemplate":"https:\/\/pranglisadam.ee\/en\/?s={search_term_string}"},"query-input":{"@type":"PropertyValueSpecification","valueRequired":true,"valueName":"search_term_string"}}],"inLanguage":"en-US"}]}},"_links":{"self":[{"href":"https:\/\/pranglisadam.ee\/en\/wp-json\/wp\/v2\/pages\/304","targetHints":{"allow":["GET"]}}],"collection":[{"href":"https:\/\/pranglisadam.ee\/en\/wp-json\/wp\/v2\/pages"}],"about":[{"href":"https:\/\/pranglisadam.ee\/en\/wp-json\/wp\/v2\/types\/page"}],"author":[{"embeddable":true,"href":"https:\/\/pranglisadam.ee\/en\/wp-json\/wp\/v2\/users\/3"}],"replies":[{"embeddable":true,"href":"https:\/\/pranglisadam.ee\/en\/wp-json\/wp\/v2\/comments?post=304"}],"version-history":[{"count":2,"href":"https:\/\/pranglisadam.ee\/en\/wp-json\/wp\/v2\/pages\/304\/revisions"}],"predecessor-version":[{"id":346,"href":"https:\/\/pranglisadam.ee\/en\/wp-json\/wp\/v2\/pages\/304\/revisions\/346"}],"wp:attachment":[{"href":"https:\/\/pranglisadam.ee\/en\/wp-json\/wp\/v2\/media?parent=304"}],"curies":[{"name":"wp","href":"https:\/\/api.w.org\/{rel}","templated":true}]}}